{"id":1912,"date":"2024-11-11T01:21:54","date_gmt":"2024-11-11T00:21:54","guid":{"rendered":"https:\/\/icadpruebas.inescopsolutions.com\/?page_id=1912"},"modified":"2025-12-02T17:01:30","modified_gmt":"2025-12-02T16:01:30","slug":"sobre-nosotros","status":"publish","type":"page","link":"https:\/\/icadpruebas.inescopsolutions.com\/es\/sobre-nosotros\/","title":{"rendered":"Sobre nosotros"},"content":{"rendered":"\t\t<div data-elementor-type=\"wp-page\" data-elementor-id=\"1912\" class=\"elementor elementor-1912 elementor-1464\" data-elementor-post-type=\"page\">\n\t\t\t\t\t\t<section class=\"elementor-section elementor-top-section elementor-element elementor-element-85f064b elementor-section-boxed elementor-section-height-default elementor-section-height-default\" data-id=\"85f064b\" data-element_type=\"section\">\n\t\t\t\t\t\t<div class=\"elementor-container elementor-column-gap-default\">\n\t\t\t\t\t<div class=\"elementor-column elementor-col-100 elementor-top-column elementor-element elementor-element-8060682\" data-id=\"8060682\" data-element_type=\"column\">\n\t\t\t<div class=\"elementor-widget-wrap elementor-element-populated\">\n\t\t\t\t\t\t<div class=\"elementor-element elementor-element-e4323f3 elementor-widget elementor-widget-html\" data-id=\"e4323f3\" data-element_type=\"widget\" data-widget_type=\"html.default\">\n\t\t\t\t<div class=\"elementor-widget-container\">\n\t\t\t\t\t<section class=\"bg-secondary-soft px-6 pt-16 md:pl-9 lg:pl-16 sm:pt-0 lg:flex gap-2 items-end justify-between\">\r\n    <div class=\"self-center md:max-w-lg xl:max-w-2xl md:pt-16 md:pb-12 lg:mb-12 z-10 relative\">\r\n        <p class=\"md:text-2xl\">\r\n            Sobre Icad \r\n        <\/p>\r\n\r\n        <h1 class=\"font-supply text-4.5xl md:text-6.5xl leading-14 text-secondary uppercase md:grid md:whitespace-nowrap\">\r\n             <span>Las soluciones que<\/span> <span> est\u00e1n redise\u00f1ando la<\/span> <span>industria del calzado<\/span>\r\n        <\/h1>\r\n\r\n         <p class=\"md:text-xl \">\r\n            Desarrolladas por Inescop, y distribuidas e implementadas en todo el mundo por Red21, las soluciones Icad forman una red interconectada que impulsa la creaci\u00f3n de calzado hacia una nueva era m\u00e1s \u00e1gil, m\u00e1s sostenible y m\u00e1s innovadora.<br><br><br><strong>Un universo tecnol\u00f3gico al servicio del calzado\r\n<\/strong>\r\n\t\t<\/p>\r\n\t\t<strong>\r\n        <\/strong>\r\n\t<\/div>\r\n\t\r\n<strong>\r\n    <div class=\"grow -mx-6 overflow-hidden mt-6 -ml-14 md:ml-0\">\r\n        <img decoding=\"async\" src=\"https:\/\/icadpruebas.inescopsolutions.com\/wp-content\/uploads\/2024\/11\/the-solutions-that-drive-footwear-transformation.e1fbc1.png\" alt=\"\" class=\"object-cover object-top lg:object-left-top h-full w-full\">\r\n    <\/div>\r\n<\/strong>\r\n\r\n<\/section>\t\t\t\t<\/div>\n\t\t\t\t<\/div>\n\t\t\t\t<div class=\"elementor-element elementor-element-76e8844 elementor-widget elementor-widget-banner_three_columns_widget\" data-id=\"76e8844\" data-element_type=\"widget\" data-widget_type=\"banner_three_columns_widget.default\">\n\t\t\t\t<div class=\"elementor-widget-container\">\n\t\t\t\t\t<section class=\"lg:container mx-auto px-6 md:px-10 py-16 lg:py-28 lg:flex lg:gap-6 xl:gap-10 lg:justify-center\">\n      <h2 class=\"text-secondary text-4xl md:text-5.5xl uppercase font-supply text-center lg:text-right lg:flex-1\">\n      <span class=\"lg:block\"><BR>Icad, <\/span> <span class=\"lg:block\">creada por y para el calzado<\/span>\n    <\/h2>\n    <div class=\"grid justify-center lg:max-h-96 lg:w-1\/3 xl:w-1\/4\">\n    <img decoding=\"async\" src=\"https:\/\/icadpruebas.inescopsolutions.com\/wp-content\/uploads\/2024\/11\/made-to-change-the-way-shoes-are-created.a86508-1.png\" alt=\"\" class=\"object-contain object-center max-h-96 lg:h-full\" \/>\n  <\/div>\n\n      <p class=\"text-center lg:text-left text-sm md:text-base mt-6 lg:self-end lg:flex-1\">\n      Icad es la marca de soluciones software y hardware, dise\u00f1ada para optimizar cada etapa del proceso, desde el dise\u00f1o hasta la producci\u00f3n.<br><br>Un conjunto de herramientas especializadas que responden a necesidades reales del sector y que, juntas, forman un universo interconectado que evoluciona con la industria y crece contigo.<br><br>\u00a0\n    <\/p>\n  <\/section>\n\t\t\t\t<\/div>\n\t\t\t\t<\/div>\n\t\t\t\t<div class=\"elementor-element elementor-element-73418a5 elementor-widget elementor-widget-banner_text_button_extra_hard_widget\" data-id=\"73418a5\" data-element_type=\"widget\" data-widget_type=\"banner_text_button_extra_hard_widget.default\">\n\t\t\t\t<div class=\"elementor-widget-container\">\n\t\t\t\t\t<section class=\"bg-secondary-extra-hard text-white px-6 py-12 md:p-24 text-center\">\n          <h2 class=\"font-supply uppercase text-5xl md:text-7.5xl inline-grid sm:inline-block md:max-w-4xl\">\n          <span >Inescop, Red21 y t\u00fa<\/span>\n      <\/h2>\n              <p class=\"md:text-xl mt-6 mb-9 md:mb-12 md:max-w-3xl md:mx-auto\">\n        <strong>EL EQUIPO DETR\u00c1S DE ICAD<\/strong><br><br>Conectamos conocimiento, tecnolog\u00eda y experiencia para crear soluciones que realmente se adaptan a ti.\u00a0Porque entender el sector es haber crecido ende \u00e9l.<br><br>No innovamos solos, lo hacemos contigo<strong>.\n      <\/p>\n        \n      <\/section>\n  \t\t\t\t<\/div>\n\t\t\t\t<\/div>\n\t\t\t\t<div class=\"elementor-element elementor-element-e9f01d5 elementor-widget elementor-widget-banner_simple_text_widget\" data-id=\"e9f01d5\" data-element_type=\"widget\" data-widget_type=\"banner_simple_text_widget.default\">\n\t\t\t\t<div class=\"elementor-widget-container\">\n\t\t\t\t\t<section>\n    <div class=\"px-6 pt-6 pb-16\">\n        <div class=\"content-post\">\n            \n        <\/div>\n    <\/div>\n<\/section>\n\t\t\t\t<\/div>\n\t\t\t\t<\/div>\n\t\t\t\t<div class=\"elementor-element elementor-element-3dae391 elementor-widget elementor-widget-banner_with_two_paragraphs_widget\" data-id=\"3dae391\" data-element_type=\"widget\" data-widget_type=\"banner_with_two_paragraphs_widget.default\">\n\t\t\t\t<div class=\"elementor-widget-container\">\n\t\t\t\t\t<section class=\"relative text-secondary-light bg-black\">\n    <div class=\"bg-cover bg-center bg-no-repeat\" style=\"background-image: url('https:\/\/icadpruebas.inescopsolutions.com\/wp-content\/uploads\/2025\/05\/Inescop-con-logo-oscura.png');\">\n      <div class=\"px-6 py-16 md:px-9 lg:px-16\">\n                  <div class=\"text-sm md:text-base pb-4\">\n            El creador de Icad\n          <\/div>\n                          <h2 class=\"text-4xl md:text-5.5xl uppercase font-supply mb-9 lg:grid\">\n              <span >Inescop<\/span>\n          <\/h2>\n                <div class=\"grid gap-4 md:gap-12 md:grid-cols-2 md:justify-between\">\n                      <p class=\"text-sm md:text-base\">\n              Las soluciones Icad nacen en Inescop, centro espa\u00f1ol de investigaci\u00f3n y desarrollo tecnol\u00f3gico especializado en calzado. Fundado en 1971 como asociaci\u00f3n privada sin \u00e1nimo de lucro, Inescop se ha convertido en una referencia internacional que impulsa la innovaci\u00f3n en todo el sector.\n            <\/p>\n                                <p class=\"text-sm md:text-base\">\n              Con m\u00e1s de 50 a\u00f1os de experiencia, Inescop desarrolla tecnolog\u00edas que responden a los retos reales de la industria, y las lleva al mercado a trav\u00e9s de soluciones pr\u00e1cticas, actualizadas y de alto nivel. Icad es el resultado de ese conocimiento, una herramienta viva que evoluciona al ritmo del calzado y que sigue creciendo con el impulso de esta instituci\u00f3n l\u00edder.\n            <\/p>\n                  <\/div>\n      <\/div>\n\n              <div class=\"md:flex justify-end\">\n                                      <a class=\"bg-secondary flex md:w-fit group\" target=&quot;_blank&quot; href=\"https:\/\/www.inescop.es\/es\/\">\n                <div class=\"text-secondary-soft mx-6 my-4 grow md:w-64 md:text-center\">\n                  Visita la web de Inescop\n                <\/div>\n                <div class=\"bg-secondary-light group-hover:bg-secondary transition-all duration-300 ease-in-out px-5 py-4 shrink-0 flex items-center\">\n                  <svg class=\"fill-black group-hover:fill-secondary-soft size-3.5\" viewBox=\"0 0 20 20\" xmlns=\"http:\/\/www.w3.org\/2000\/svg\">\n                    <path fill-rule=\"evenodd\" clip-rule=\"evenodd\" d=\"M10.8333 8.83333V0H8.83333V8.83333H0V10.8333H8.83333V20H10.8333V10.8333H20V8.83333H10.8333Z\" \/>\n                  <\/svg>\n                <\/div>\n              <\/a>\n                  <\/div>\n          <\/div>\n<\/section>\n\t\t\t\t<\/div>\n\t\t\t\t<\/div>\n\t\t\t\t<div class=\"elementor-element elementor-element-80f1fc6 elementor-widget elementor-widget-banner_simple_text_widget\" data-id=\"80f1fc6\" data-element_type=\"widget\" data-widget_type=\"banner_simple_text_widget.default\">\n\t\t\t\t<div class=\"elementor-widget-container\">\n\t\t\t\t\t<section>\n    <div class=\"px-6 pt-6 pb-16\">\n        <div class=\"content-post\">\n            \n        <\/div>\n    <\/div>\n<\/section>\n\t\t\t\t<\/div>\n\t\t\t\t<\/div>\n\t\t\t\t<div class=\"elementor-element elementor-element-96f2b9d elementor-widget elementor-widget-banner_with_two_paragraphs_widget\" data-id=\"96f2b9d\" data-element_type=\"widget\" data-widget_type=\"banner_with_two_paragraphs_widget.default\">\n\t\t\t\t<div class=\"elementor-widget-container\">\n\t\t\t\t\t<section class=\"relative text-secondary-light bg-black\">\n    <div class=\"bg-cover bg-center bg-no-repeat\" style=\"background-image: url('https:\/\/icadpruebas.inescopsolutions.com\/wp-content\/uploads\/2025\/05\/Red21-con-logo-oscura.png');\">\n      <div class=\"px-6 py-16 md:px-9 lg:px-16\">\n                  <div class=\"text-sm md:text-base pb-4\">\n            El distribuidor exclusivo a nivel mundial y gu\u00eda en tu viaje\n          <\/div>\n                          <h2 class=\"text-4xl md:text-5.5xl uppercase font-supply mb-9 lg:grid\">\n              <span >Red21<\/span>\n          <\/h2>\n                <div class=\"grid gap-4 md:gap-12 md:grid-cols-2 md:justify-between\">\n                      <p class=\"text-sm md:text-base\">\n              Red21 es el equipo que te acompa\u00f1a en cada paso para que saques el m\u00e1ximo partido a las soluciones Icad. Se encarga del asesoramiento, distribuci\u00f3n, formaci\u00f3n, soporte t\u00e9cnico y consultor\u00eda, con un enfoque cercano, especializado y adaptado a ti.\n            <\/p>\n                                <p class=\"text-sm md:text-base\">\n              Red21 recoge y analiza el feedback de los usuarios para detectar las necesidades reales del sector y las traslada al equipo de desarrollo de Inescop, manteniendo Icad en constante evoluci\u00f3n. Una colaboraci\u00f3n estrecha que garantiza que cada innovaci\u00f3n llegue al usuario final de forma pr\u00e1ctica, eficaz y alineada con la realidad cambiante de la industria.\n            <\/p>\n                  <\/div>\n      <\/div>\n\n              <div class=\"md:flex justify-end\">\n                                      <a class=\"bg-secondary flex md:w-fit group\" target=&quot;_blank&quot; href=\"https:\/\/red21.es\/\">\n                <div class=\"text-secondary-soft mx-6 my-4 grow md:w-64 md:text-center\">\n                  Visita la web de Red21\n                <\/div>\n                <div class=\"bg-secondary-light group-hover:bg-secondary transition-all duration-300 ease-in-out px-5 py-4 shrink-0 flex items-center\">\n                  <svg class=\"fill-black group-hover:fill-secondary-soft size-3.5\" viewBox=\"0 0 20 20\" xmlns=\"http:\/\/www.w3.org\/2000\/svg\">\n                    <path fill-rule=\"evenodd\" clip-rule=\"evenodd\" d=\"M10.8333 8.83333V0H8.83333V8.83333H0V10.8333H8.83333V20H10.8333V10.8333H20V8.83333H10.8333Z\" \/>\n                  <\/svg>\n                <\/div>\n              <\/a>\n                  <\/div>\n          <\/div>\n<\/section>\n\t\t\t\t<\/div>\n\t\t\t\t<\/div>\n\t\t\t\t<div class=\"elementor-element elementor-element-3956405 elementor-widget elementor-widget-banner_text_with_image_below_widget\" data-id=\"3956405\" data-element_type=\"widget\" data-widget_type=\"banner_text_with_image_below_widget.default\">\n\t\t\t\t<div class=\"elementor-widget-container\">\n\t\t\t\t\t<section class=\"bg-secondary-extra-soft\">\n    <div class=\"lg:container mx-auto md:px-10 px-6 pt-16 pb-6 md:pt-24 md:pb-12 lg:flex lg:gap-24 xl:gap-72 lg:justify-between\">\n              <h2 class=\"text-secondary md:text-2xl flex gap-1 lg:block lg:w-96\">\n          <div >Soluciones Icad en el mundo<\/div>\n        <\/h2>\n                    <div class=\"text-sm md:text-base mt-4 lg:mt-0 mb-6 md:flex-1 lg:max-w-3xl xl:max-w-full\">\n          <p>\n            Las soluciones Icad ya est\u00e1n presentes en decenas de pa\u00edses a trav\u00e9s de empresas, centros formativos y profesionales que han apostado por transformar sus procesos.<br><br>Nuestra misi\u00f3n es acompa\u00f1arte, est\u00e9s donde est\u00e9s, con soporte, formaci\u00f3n y asesoramiento gracias a la cobertura internacional que ofrece la red global de agentes de Red21. Porque el universo Icad no tiene fronteras.\n          <\/p>\n        <\/div>\n          <\/div>\n    <div class=\"lg:container mx-auto md:px-10 px-6 mb-16 md:pb-24 md:bg-secondary-extra-soft\">\n      <img decoding=\"async\" src=\"https:\/\/icadpruebas.inescopsolutions.com\/wp-content\/uploads\/2024\/11\/icad-solutions-around-the-world.cae6d5-1.svg\" alt=\"Icad solutions around the world\" class=\"object-cover w-full\" \/>\n    <\/div>\n<\/section>\n\t\t\t\t<\/div>\n\t\t\t\t<\/div>\n\t\t\t\t<div class=\"elementor-element elementor-element-72b5e6a elementor-widget elementor-widget-banner_with_bg_image_widget\" data-id=\"72b5e6a\" data-element_type=\"widget\" data-widget_type=\"banner_with_bg_image_widget.default\">\n\t\t\t\t<div class=\"elementor-widget-container\">\n\t\t\t\t\t<section class=\"relative text-white px-6 py-12 md:p-24 md:text-center\">\n    <div class=\"absolute inset-0 bg-cover bg-center\" style=\"background-image: url('https:\/\/icadpruebas.inescopsolutions.com\/wp-content\/uploads\/2025\/11\/explore-icad-universe.2.png');\"><\/div>\n\n        \n    <div class=\"relative z-10\">\n                    <h2 class=\"font-supply uppercase text-center text-5xl md:text-7.5xl md:grid\">\n                <span >Y ahora,<\/span> <span >navega por nuestro universo<\/span>\n            <\/h2>\n                            <p class=\"text-center md:text-xl mt-6 mb-9 md:mb-12 md:mx-auto md:grid\">\n                <span >Descubre todas las ventajas de Icad y c\u00f3mo nuestras soluciones se combinan para ayudarte en cada paso del camino<\/span>\n            <\/p>\n                                                            <div class=\"w-full md:grid md:justify-center\">\n                    <a href=\"https:\/\/icadpruebas.inescopsolutions.com\/es\/flujo\/\" class=\"btn-secondary block md:w-72\">\n                        Explora el workflow Icad\n                    <\/a>\n                <\/div>\n                                            <div class=\"w-full md:grid md:justify-center\">\n                    <a href=\"https:\/\/icadpruebas.inescopsolutions.com\/es\/ventajas\/\" class=\"btn-secondary block md:w-72\">\n                        Explora las ventajas Icad\n                    <\/a>\n                <\/div>\n                        <\/div>\n<\/section>\n\t\t\t\t<\/div>\n\t\t\t\t<\/div>\n\t\t\t\t\t<\/div>\n\t\t<\/div>\n\t\t\t\t\t<\/div>\n\t\t<\/section>\n\t\t\t\t<\/div>\n\t\t","protected":false},"excerpt":{"rendered":"<p>Sobre Icad Las soluciones que est\u00e1n redise\u00f1ando la industria del calzado Desarrolladas por Inescop, y distribuidas e implementadas en todo el mundo por Red21, las soluciones Icad forman una red interconectada que impulsa la creaci\u00f3n de calzado hacia una nueva era m\u00e1s \u00e1gil, m\u00e1s sostenible y m\u00e1s innovadora. Un universo tecnol\u00f3gico al servicio del calzado &hellip; <a href=\"https:\/\/icadpruebas.inescopsolutions.com\/es\/sobre-nosotros\/\">Continued<\/a><\/p>\n","protected":false},"author":12,"featured_media":0,"parent":0,"menu_order":0,"comment_status":"closed","ping_status":"closed","template":"template-elementor.blade.php","meta":{"_acf_changed":false,"inline_featured_image":false,"footnotes":""},"class_list":["post-1912","page","type-page","status-publish","hentry"],"acf":[],"yoast_head":"<!-- This site is optimized with the Yoast SEO plugin v26.6 - https:\/\/yoast.com\/wordpress\/plugins\/seo\/ -->\n<title>Sobre ICAD | Impulsamos el dise\u00f1o de calzado 3D en el Mundo<\/title>\n<meta name=\"description\" content=\"ICAD, tu referencia en software 2D y 3D para dise\u00f1o y patronaje de calzado. Una soluci\u00f3n innovadora, intuitiva y eficaz. Impulsa tu creatividad.\" \/>\n<meta name=\"robots\" content=\"index, follow, max-snippet:-1, max-image-preview:large, max-video-preview:-1\" \/>\n<link rel=\"canonical\" href=\"https:\/\/icadpruebas.inescopsolutions.com\/es\/sobre-nosotros\/\" \/>\n<meta property=\"og:locale\" content=\"es_ES\" \/>\n<meta property=\"og:type\" content=\"article\" \/>\n<meta property=\"og:title\" content=\"Sobre ICAD | Impulsamos el dise\u00f1o de calzado 3D en el Mundo\" \/>\n<meta property=\"og:description\" content=\"ICAD, tu referencia en software 2D y 3D para dise\u00f1o y patronaje de calzado. Una soluci\u00f3n innovadora, intuitiva y eficaz. Impulsa tu creatividad.\" \/>\n<meta property=\"og:url\" content=\"https:\/\/icadpruebas.inescopsolutions.com\/es\/sobre-nosotros\/\" \/>\n<meta property=\"og:site_name\" content=\"Icad\" \/>\n<meta property=\"article:modified_time\" content=\"2025-12-02T16:01:30+00:00\" \/>\n<meta property=\"og:image\" content=\"https:\/\/icadpruebas.inescopsolutions.com\/wp-content\/uploads\/2024\/11\/the-solutions-that-drive-footwear-transformation.e1fbc1.png\" \/>\n<meta name=\"twitter:card\" content=\"summary_large_image\" \/>\n<meta name=\"twitter:label1\" content=\"Tiempo de lectura\" \/>\n\t<meta name=\"twitter:data1\" content=\"3 minutos\" \/>\n<!-- \/ Yoast SEO plugin. -->","yoast_head_json":{"title":"Sobre ICAD | Impulsamos el dise\u00f1o de calzado 3D en el Mundo","description":"ICAD, tu referencia en software 2D y 3D para dise\u00f1o y patronaje de calzado. Una soluci\u00f3n innovadora, intuitiva y eficaz. Impulsa tu creatividad.","robots":{"index":"index","follow":"follow","max-snippet":"max-snippet:-1","max-image-preview":"max-image-preview:large","max-video-preview":"max-video-preview:-1"},"canonical":"https:\/\/icadpruebas.inescopsolutions.com\/es\/sobre-nosotros\/","og_locale":"es_ES","og_type":"article","og_title":"Sobre ICAD | Impulsamos el dise\u00f1o de calzado 3D en el Mundo","og_description":"ICAD, tu referencia en software 2D y 3D para dise\u00f1o y patronaje de calzado. Una soluci\u00f3n innovadora, intuitiva y eficaz. Impulsa tu creatividad.","og_url":"https:\/\/icadpruebas.inescopsolutions.com\/es\/sobre-nosotros\/","og_site_name":"Icad","article_modified_time":"2025-12-02T16:01:30+00:00","og_image":[{"url":"https:\/\/icadpruebas.inescopsolutions.com\/wp-content\/uploads\/2024\/11\/the-solutions-that-drive-footwear-transformation.e1fbc1.png","type":"","width":"","height":""}],"twitter_card":"summary_large_image","twitter_misc":{"Tiempo de lectura":"3 minutos"},"schema":{"@context":"https:\/\/schema.org","@graph":[{"@type":"WebPage","@id":"https:\/\/icadpruebas.inescopsolutions.com\/es\/sobre-nosotros\/","url":"https:\/\/icadpruebas.inescopsolutions.com\/es\/sobre-nosotros\/","name":"Sobre ICAD | Impulsamos el dise\u00f1o de calzado 3D en el Mundo","isPartOf":{"@id":"https:\/\/icadpruebas.inescopsolutions.com\/es\/#website"},"primaryImageOfPage":{"@id":"https:\/\/icadpruebas.inescopsolutions.com\/es\/sobre-nosotros\/#primaryimage"},"image":{"@id":"https:\/\/icadpruebas.inescopsolutions.com\/es\/sobre-nosotros\/#primaryimage"},"thumbnailUrl":"https:\/\/icadpruebas.inescopsolutions.com\/wp-content\/uploads\/2024\/11\/the-solutions-that-drive-footwear-transformation.e1fbc1.png","datePublished":"2024-11-11T00:21:54+00:00","dateModified":"2025-12-02T16:01:30+00:00","description":"ICAD, tu referencia en software 2D y 3D para dise\u00f1o y patronaje de calzado. Una soluci\u00f3n innovadora, intuitiva y eficaz. Impulsa tu creatividad.","breadcrumb":{"@id":"https:\/\/icadpruebas.inescopsolutions.com\/es\/sobre-nosotros\/#breadcrumb"},"inLanguage":"es","potentialAction":[{"@type":"ReadAction","target":["https:\/\/icadpruebas.inescopsolutions.com\/es\/sobre-nosotros\/"]}]},{"@type":"ImageObject","inLanguage":"es","@id":"https:\/\/icadpruebas.inescopsolutions.com\/es\/sobre-nosotros\/#primaryimage","url":"https:\/\/icadpruebas.inescopsolutions.com\/wp-content\/uploads\/2024\/11\/the-solutions-that-drive-footwear-transformation.e1fbc1.png","contentUrl":"https:\/\/icadpruebas.inescopsolutions.com\/wp-content\/uploads\/2024\/11\/the-solutions-that-drive-footwear-transformation.e1fbc1.png"},{"@type":"BreadcrumbList","@id":"https:\/\/icadpruebas.inescopsolutions.com\/es\/sobre-nosotros\/#breadcrumb","itemListElement":[{"@type":"ListItem","position":1,"name":"Portada","item":"https:\/\/icadpruebas.inescopsolutions.com\/es\/"},{"@type":"ListItem","position":2,"name":"Sobre nosotros"}]},{"@type":"WebSite","@id":"https:\/\/icadpruebas.inescopsolutions.com\/es\/#website","url":"https:\/\/icadpruebas.inescopsolutions.com\/es\/","name":"ICad, CAD\/CAM systems for footwear - INESCOP Solutions","description":"Discover Icad, a leader in 3D software for footwear modeling and pattern engineering. Innovative, user-friendly, and professional solutions for your business.","publisher":{"@id":"https:\/\/icadpruebas.inescopsolutions.com\/es\/#organization"},"potentialAction":[{"@type":"SearchAction","target":{"@type":"EntryPoint","urlTemplate":"https:\/\/icadpruebas.inescopsolutions.com\/es\/?s={search_term_string}"},"query-input":{"@type":"PropertyValueSpecification","valueRequired":true,"valueName":"search_term_string"}}],"inLanguage":"es"},{"@type":"Organization","@id":"https:\/\/icadpruebas.inescopsolutions.com\/es\/#organization","name":"ICAD","url":"https:\/\/icadpruebas.inescopsolutions.com\/es\/","logo":{"@type":"ImageObject","inLanguage":"es","@id":"https:\/\/icadpruebas.inescopsolutions.com\/es\/#\/schema\/logo\/image\/","url":"https:\/\/icadpruebas.inescopsolutions.com\/wp-content\/uploads\/2024\/07\/favicon.svg","contentUrl":"https:\/\/icadpruebas.inescopsolutions.com\/wp-content\/uploads\/2024\/07\/favicon.svg","width":50,"height":50,"caption":"ICAD"},"image":{"@id":"https:\/\/icadpruebas.inescopsolutions.com\/es\/#\/schema\/logo\/image\/"}}]}},"_links":{"self":[{"href":"https:\/\/icadpruebas.inescopsolutions.com\/es\/wp-json\/wp\/v2\/pages\/1912","targetHints":{"allow":["GET"]}}],"collection":[{"href":"https:\/\/icadpruebas.inescopsolutions.com\/es\/wp-json\/wp\/v2\/pages"}],"about":[{"href":"https:\/\/icadpruebas.inescopsolutions.com\/es\/wp-json\/wp\/v2\/types\/page"}],"author":[{"embeddable":true,"href":"https:\/\/icadpruebas.inescopsolutions.com\/es\/wp-json\/wp\/v2\/users\/12"}],"replies":[{"embeddable":true,"href":"https:\/\/icadpruebas.inescopsolutions.com\/es\/wp-json\/wp\/v2\/comments?post=1912"}],"version-history":[{"count":0,"href":"https:\/\/icadpruebas.inescopsolutions.com\/es\/wp-json\/wp\/v2\/pages\/1912\/revisions"}],"wp:attachment":[{"href":"https:\/\/icadpruebas.inescopsolutions.com\/es\/wp-json\/wp\/v2\/media?parent=1912"}],"curies":[{"name":"wp","href":"https:\/\/api.w.org\/{rel}","templated":true}]}}