{"id":2073,"date":"2024-09-09T20:39:32","date_gmt":"2024-09-09T18:39:32","guid":{"rendered":"https:\/\/icadpruebas.inescopsolutions.com\/plans-3\/"},"modified":"2025-06-10T09:02:14","modified_gmt":"2025-06-10T07:02:14","slug":"planes","status":"publish","type":"page","link":"https:\/\/icadpruebas.inescopsolutions.com\/es\/planes\/","title":{"rendered":"Planes"},"content":{"rendered":"\t\t<div data-elementor-type=\"wp-page\" data-elementor-id=\"2073\" class=\"elementor elementor-2073 elementor-561\" data-elementor-post-type=\"page\">\n\t\t\t\t\t\t<section class=\"elementor-section elementor-top-section elementor-element elementor-element-bca4169 elementor-section-boxed elementor-section-height-default elementor-section-height-default\" data-id=\"bca4169\" data-element_type=\"section\">\n\t\t\t\t\t\t<div class=\"elementor-container elementor-column-gap-default\">\n\t\t\t\t\t<div class=\"elementor-column elementor-col-100 elementor-top-column elementor-element elementor-element-80c7eeb\" data-id=\"80c7eeb\" data-element_type=\"column\">\n\t\t\t<div class=\"elementor-widget-wrap elementor-element-populated\">\n\t\t\t\t\t\t<div class=\"elementor-element elementor-element-20b20e2 elementor-widget elementor-widget-global elementor-global-2056 elementor-global-1148 elementor-widget-banner_text_button_extra_hard_widget\" data-id=\"20b20e2\" data-element_type=\"widget\" data-widget_type=\"banner_text_button_extra_hard_widget.default\">\n\t\t\t\t<div class=\"elementor-widget-container\">\n\t\t\t\t\t<section class=\"bg-secondary-extra-hard text-white px-6 py-12 md:p-24 text-center\">\n          <h2 class=\"font-supply uppercase text-5xl md:text-7.5xl inline-grid sm:inline-block md:max-w-4xl\">\n          <span >what's new<\/span>\n      <\/h2>\n              <p class=\"md:text-xl mt-6 mb-9 md:mb-12 md:max-w-3xl md:mx-auto\">\n        Discover the latest Icad updates that revolutionize footwear design and production.\n      <\/p>\n        \n      <\/section>\n  \t\t\t\t<\/div>\n\t\t\t\t<\/div>\n\t\t\t\t\t<\/div>\n\t\t<\/div>\n\t\t\t\t\t<\/div>\n\t\t<\/section>\n\t\t\t\t<\/div>\n\t\t","protected":false},"excerpt":{"rendered":"<p>what&#8217;s new Discover the latest ICad Universe updates that revolutionize footwear design and production.<\/p>\n","protected":false},"author":12,"featured_media":0,"parent":0,"menu_order":0,"comment_status":"closed","ping_status":"closed","template":"template-elementor-plans.blade.php","meta":{"_acf_changed":false,"inline_featured_image":false,"footnotes":""},"class_list":["post-2073","page","type-page","status-publish","hentry"],"acf":[],"yoast_head":"<!-- This site is optimized with the Yoast SEO plugin v26.6 - https:\/\/yoast.com\/wordpress\/plugins\/seo\/ -->\n<title>Escoge el plan que mejor se adapta a ti o a tu negocio | ICAD<\/title>\n<meta name=\"description\" content=\"Descubre las soluciones l\u00edderes en modelaje 3D y patronaje de calzado con ICAD, dise\u00f1adas para optimizar tu negocio con tecnolog\u00eda avanzada.\" \/>\n<meta name=\"robots\" content=\"index, follow, max-snippet:-1, max-image-preview:large, max-video-preview:-1\" \/>\n<link rel=\"canonical\" href=\"https:\/\/icadpruebas.inescopsolutions.com\/es\/planes\/\" \/>\n<meta property=\"og:locale\" content=\"es_ES\" \/>\n<meta property=\"og:type\" content=\"article\" \/>\n<meta property=\"og:title\" content=\"Escoge el plan que mejor se adapta a ti o a tu negocio | ICAD\" \/>\n<meta property=\"og:description\" content=\"Descubre las soluciones l\u00edderes en modelaje 3D y patronaje de calzado con ICAD, dise\u00f1adas para optimizar tu negocio con tecnolog\u00eda avanzada.\" \/>\n<meta property=\"og:url\" content=\"https:\/\/icadpruebas.inescopsolutions.com\/es\/planes\/\" \/>\n<meta property=\"og:site_name\" content=\"Icad\" \/>\n<meta property=\"article:modified_time\" content=\"2025-06-10T07:02:14+00:00\" \/>\n<meta name=\"twitter:card\" content=\"summary_large_image\" \/>\n<meta name=\"twitter:label1\" content=\"Tiempo de lectura\" \/>\n\t<meta name=\"twitter:data1\" content=\"1 minuto\" \/>\n<!-- \/ Yoast SEO plugin. -->","yoast_head_json":{"title":"Escoge el plan que mejor se adapta a ti o a tu negocio | ICAD","description":"Descubre las soluciones l\u00edderes en modelaje 3D y patronaje de calzado con ICAD, dise\u00f1adas para optimizar tu negocio con tecnolog\u00eda avanzada.","robots":{"index":"index","follow":"follow","max-snippet":"max-snippet:-1","max-image-preview":"max-image-preview:large","max-video-preview":"max-video-preview:-1"},"canonical":"https:\/\/icadpruebas.inescopsolutions.com\/es\/planes\/","og_locale":"es_ES","og_type":"article","og_title":"Escoge el plan que mejor se adapta a ti o a tu negocio | ICAD","og_description":"Descubre las soluciones l\u00edderes en modelaje 3D y patronaje de calzado con ICAD, dise\u00f1adas para optimizar tu negocio con tecnolog\u00eda avanzada.","og_url":"https:\/\/icadpruebas.inescopsolutions.com\/es\/planes\/","og_site_name":"Icad","article_modified_time":"2025-06-10T07:02:14+00:00","twitter_card":"summary_large_image","twitter_misc":{"Tiempo de lectura":"1 minuto"},"schema":{"@context":"https:\/\/schema.org","@graph":[{"@type":"WebPage","@id":"https:\/\/icadpruebas.inescopsolutions.com\/es\/planes\/","url":"https:\/\/icadpruebas.inescopsolutions.com\/es\/planes\/","name":"Escoge el plan que mejor se adapta a ti o a tu negocio | ICAD","isPartOf":{"@id":"https:\/\/icadpruebas.inescopsolutions.com\/es\/#website"},"datePublished":"2024-09-09T18:39:32+00:00","dateModified":"2025-06-10T07:02:14+00:00","description":"Descubre las soluciones l\u00edderes en modelaje 3D y patronaje de calzado con ICAD, dise\u00f1adas para optimizar tu negocio con tecnolog\u00eda avanzada.","breadcrumb":{"@id":"https:\/\/icadpruebas.inescopsolutions.com\/es\/planes\/#breadcrumb"},"inLanguage":"es","potentialAction":[{"@type":"ReadAction","target":["https:\/\/icadpruebas.inescopsolutions.com\/es\/planes\/"]}]},{"@type":"BreadcrumbList","@id":"https:\/\/icadpruebas.inescopsolutions.com\/es\/planes\/#breadcrumb","itemListElement":[{"@type":"ListItem","position":1,"name":"Portada","item":"https:\/\/icadpruebas.inescopsolutions.com\/es\/"},{"@type":"ListItem","position":2,"name":"Planes"}]},{"@type":"WebSite","@id":"https:\/\/icadpruebas.inescopsolutions.com\/es\/#website","url":"https:\/\/icadpruebas.inescopsolutions.com\/es\/","name":"ICad, CAD\/CAM systems for footwear - INESCOP Solutions","description":"Discover Icad, a leader in 3D software for footwear modeling and pattern engineering. Innovative, user-friendly, and professional solutions for your business.","publisher":{"@id":"https:\/\/icadpruebas.inescopsolutions.com\/es\/#organization"},"potentialAction":[{"@type":"SearchAction","target":{"@type":"EntryPoint","urlTemplate":"https:\/\/icadpruebas.inescopsolutions.com\/es\/?s={search_term_string}"},"query-input":{"@type":"PropertyValueSpecification","valueRequired":true,"valueName":"search_term_string"}}],"inLanguage":"es"},{"@type":"Organization","@id":"https:\/\/icadpruebas.inescopsolutions.com\/es\/#organization","name":"ICAD","url":"https:\/\/icadpruebas.inescopsolutions.com\/es\/","logo":{"@type":"ImageObject","inLanguage":"es","@id":"https:\/\/icadpruebas.inescopsolutions.com\/es\/#\/schema\/logo\/image\/","url":"https:\/\/icadpruebas.inescopsolutions.com\/wp-content\/uploads\/2024\/07\/favicon.svg","contentUrl":"https:\/\/icadpruebas.inescopsolutions.com\/wp-content\/uploads\/2024\/07\/favicon.svg","width":50,"height":50,"caption":"ICAD"},"image":{"@id":"https:\/\/icadpruebas.inescopsolutions.com\/es\/#\/schema\/logo\/image\/"}}]}},"_links":{"self":[{"href":"https:\/\/icadpruebas.inescopsolutions.com\/es\/wp-json\/wp\/v2\/pages\/2073","targetHints":{"allow":["GET"]}}],"collection":[{"href":"https:\/\/icadpruebas.inescopsolutions.com\/es\/wp-json\/wp\/v2\/pages"}],"about":[{"href":"https:\/\/icadpruebas.inescopsolutions.com\/es\/wp-json\/wp\/v2\/types\/page"}],"author":[{"embeddable":true,"href":"https:\/\/icadpruebas.inescopsolutions.com\/es\/wp-json\/wp\/v2\/users\/12"}],"replies":[{"embeddable":true,"href":"https:\/\/icadpruebas.inescopsolutions.com\/es\/wp-json\/wp\/v2\/comments?post=2073"}],"version-history":[{"count":0,"href":"https:\/\/icadpruebas.inescopsolutions.com\/es\/wp-json\/wp\/v2\/pages\/2073\/revisions"}],"wp:attachment":[{"href":"https:\/\/icadpruebas.inescopsolutions.com\/es\/wp-json\/wp\/v2\/media?parent=2073"}],"curies":[{"name":"wp","href":"https:\/\/api.w.org\/{rel}","templated":true}]}}