{"id":218,"date":"2024-09-05T10:58:39","date_gmt":"2024-09-05T08:58:39","guid":{"rendered":"https:\/\/icadpruebas.inescopsolutions.com\/politica-de-cookies\/"},"modified":"2024-11-13T23:16:25","modified_gmt":"2024-11-13T22:16:25","slug":"politica-de-cookies","status":"publish","type":"page","link":"https:\/\/icadpruebas.inescopsolutions.com\/es\/politica-de-cookies\/","title":{"rendered":"Pol\u00edtica de cookies"},"content":{"rendered":"\n<p>La presente Pol\u00edtica de Cookies pretende proporcionar la informaci\u00f3n necesaria para que cualquier usuario del sitio web pueda decidir si desea permitir la instalaci\u00f3n de las cookies utilizadas por este sitio web y c\u00f3mo gestionarlas. Por ello, proporcionamos una serie de nociones b\u00e1sicas cuyo conocimiento consideramos esencial (qu\u00e9 son las cookies y para qu\u00e9 pueden servir, o c\u00f3mo desactivarlas o borrarlas) para cualquier usuario de internet, y facilitamos la identificaci\u00f3n de nuestras cookies.<\/p>\n\n\n\n<p>La informaci\u00f3n sobre la Pol\u00edtica de cookies del este sitio web se proporciona a trav\u00e9s de dos capas: la primera, un \u201caviso\u201d en el pie de p\u00e1gina del sitio web, en el que se advierte de la instalaci\u00f3n de cookies no exentas -describiendo su finalidad- en caso de proseguir la navegaci\u00f3n sin modificar la configuraci\u00f3n del navegador y se proporciona un enlace a la presente Pol\u00edtica para que el usuario pueda conocer con m\u00e1s detalle su contenido y funcionamiento, siendo esta la segunda capa de informaci\u00f3n.<\/p>\n\n\n\n<p>Nuestra Pol\u00edtica de cookies es p\u00fablica y permanentemente accesibles a trav\u00e9s del enlace habilitado en el sitio web, denominado \u201cCookies\u201d, al que pueden acceder los usuarios para mantenerse informados en todo momento.<\/p>\n\n\n\n<p>Esta Pol\u00edtica de Cookies puede actualizarse en cualquier momento, como consecuencia de un cambio normativo o como consecuencia de cualquier cambio en la configuraci\u00f3n de las cookies utilizadas.<\/p>\n\n\n\n<p>Este sitio web puede utilizar cookies, y otras tecnolog\u00edas similares, para almacenar y recuperar informaci\u00f3n de los equipos terminales de los usuarios de sus sitios web (en adelante, denominadas conjuntamente \u201cCookies\u201d).<\/p>\n\n\n\n<p>Las cookies son archivos o programas inform\u00e1ticos, enviados a un navegador por medio de un servidor web, que almacenan informaci\u00f3n en el equipo del usuario, al acceder o navegar por un sitio web, y permiten que se acceda a \u00e9sta tras su instalaci\u00f3n. En otras palabras, son elementos de informaci\u00f3n que un sitio web instala en su dispositivo cuando lo visita. Estos dispositivos pueden contener informaci\u00f3n sobre los h\u00e1bitos de navegaci\u00f3n de los usuarios o del equipo en que se instalan, o incluso pueden utilizarse para reconocer el usuario.<\/p>\n\n\n\n<h4 class=\"wp-block-heading\">Tipos de Cookies<\/h4>\n\n\n\n<p>Existen diversos tipos de cookies en funci\u00f3n de la finalidad para la que se utilizan. Este sitio web utiliza los siguientes tipos de cookies:<\/p>\n\n\n\n<p><strong>Cookies t\u00e9cnicas<\/strong>: Son aqu\u00e9llas que permiten al usuario la navegaci\u00f3n a trav\u00e9s de la p\u00e1gina web y la utilizaci\u00f3n de las diferentes opciones o servicios que existen en ella como, por ejemplo, identificar la sesi\u00f3n, acceder a partes de acceso restringido, realizar el proceso de compra de un pedido o compartir contenidos a trav\u00e9s de redes sociales.<\/p>\n\n\n\n<figure class=\"wp-block-table\"><table class=\"has-fixed-layout\"><thead><tr><td>Nombre<\/td><td>Proveedor<\/td><td>Finalidad<\/td><td>Duraci\u00f3n<\/td><\/tr><\/thead><tbody><tr><td>cookies_config<\/td><td>Propias<\/td><td>Almacena el estado de consentimiento de cookies del usuario para el dominio actual.<\/td><td>1 a\u00f1o<\/td><\/tr><tr><td>cookies_analiticas<\/td><td>Propias<\/td><td>Almacena el estado de consentimiento de cookies anal\u00edticas del usuario para el dominio actual.<\/td><td>1 a\u00f1o<\/td><\/tr><tr><td>cookies_publicitarias<\/td><td>Propias<\/td><td>Almacena el estado de consentimiento de cookies publicitarias del usuario para el dominio actual.<\/td><td>1 a\u00f1o<\/td><\/tr><tr><td>PHPSESSID<\/td><td>Propias<\/td><td>Conserva los estados de los usuarios en todas las peticiones de la p\u00e1gina.<\/td><td>Sesi\u00f3n<\/td><\/tr><\/tbody><\/table><\/figure>\n\n\n\n<p><strong>Cookies anal\u00edticas<\/strong>: Son aqu\u00e9llas que nos permiten realizar el seguimiento y an\u00e1lisis del comportamiento de los usuarios de nuestro sitio web. Utilizamos los servicios de Google Analitycs para realizar estos an\u00e1lisis. Las condiciones de estos servicios pueden consultarse en las siguientes direcciones:&nbsp;<a target=\"_blank\" href=\"https:\/\/developers.google.com\/analytics\/devguides\/collection\/analyticsjs\/cookie-usage\" rel=\"noreferrer noopener\">https:\/\/developers.google.com\/analytics\/devguides\/collection\/analyticsjs\/cookie-usage<\/a><\/p>\n\n\n\n<figure class=\"wp-block-table\"><table class=\"has-fixed-layout\"><thead><tr><td>Nombre<\/td><td>Proveedor<\/td><td>Finalidad<\/td><td>Duraci\u00f3n<\/td><\/tr><\/thead><tbody><tr><td>__unam<\/td><td>Google<\/td><td>Monitoriza la actividad en el sitio web, p\u00e1ginas vistas, navegaci\u00f3n de una p\u00e1gina a otra y tiempo empleado en las mismas.<\/td><td>90 d\u00edas<\/td><\/tr><tr><td>_ga<\/td><td>Google<\/td><td>Permite distinguir a los usuarios y sesiones para estad\u00edsticas de navegaci\u00f3n. Recopila datos de dispositivo, navegaci\u00f3n y software.<\/td><td>20598 dias<\/td><\/tr><tr><td>_gid<\/td><td>Google<\/td><td>Identifica a los usuarios y sesiones para estad\u00edsticas de navegaci\u00f3n. Recopila datos de dispositivo, navegaci\u00f3n y software.<\/td><td>1 d\u00eda<\/td><\/tr><\/tbody><\/table><\/figure>\n\n\n\n<p><strong>Cookies publicitarias<\/strong>: son aqu\u00e9llas que nos permiten gestionar, de la forma m\u00e1s eficaz posible, los espacios publicitarios de nuestro sitio web, en base a criterios como el contenido editado o la frecuencia con la que se muestran anuncios.<\/p>\n\n\n\n<figure class=\"wp-block-table\"><table class=\"has-fixed-layout\"><thead><tr><td>Nombre<\/td><td>Proveedor<\/td><td>Finalidad<\/td><td>Duraci\u00f3n<\/td><\/tr><\/thead><tbody><tr><td>_fbp<\/td><td>Facebook<\/td><td>Permite medir el rendimiento de la publicidad. Recopila informaci\u00f3n sobre el uso del sitio web.<\/td><td>90 d\u00edas<\/td><\/tr><tr><td>datr<\/td><td>Facebook<\/td><td>Permite medir el rendimiento de la publicidad. Recopila informaci\u00f3n sobre el uso del sitio web.<\/td><td>7 d\u00edas<\/td><\/tr><tr><td>fr<\/td><td>Facebook<\/td><td>Permite medir el rendimiento de la publicidad. Recopila informaci\u00f3n sobre el uso del sitio web.<\/td><td>90 d\u00edas<\/td><\/tr><tr><td>sb<\/td><td>Facebook<\/td><td>Permite medir el rendimiento de la publicidad. Recopila informaci\u00f3n sobre el uso del sitio web.<\/td><td>728 d\u00edas<\/td><\/tr><tr><td>1P_JAR<\/td><td>Google<\/td><td>Distingue navegadores y dispositivos para medir el rendimiento de los anuncios.<\/td><td>24 d\u00edas<\/td><\/tr><tr><td>AID<\/td><td>Google<\/td><td>Distingue navegadores y dispositivos para medir el rendimiento de los anuncios.<\/td><td>720 d\u00edas<\/td><\/tr><tr><td>ANID<\/td><td>Google<\/td><td>Identifica al usuario, sesi\u00f3n o sitio web para personalizar la publicidad.<\/td><td>3604 d\u00edas<\/td><\/tr><tr><td>APISID<\/td><td>Google<\/td><td>Identifica al usuario, sesi\u00f3n o sitio web para personalizar la publicidad.<\/td><td>2914677 d\u00edas<\/td><\/tr><tr><td>CONSENT<\/td><td>Google<\/td><td>Distingue navegadores y dispositivos para medir el rendimiento de los anuncios.<\/td><td>6546 d\u00edas<\/td><\/tr><tr><td>DSID<\/td><td>Google<\/td><td>Identifica al usuario, sesi\u00f3n o sitio web para personalizar la publicidad.<\/td><td>365 d\u00edas<\/td><\/tr><tr><td>HSID<\/td><td>Google<\/td><td>Identifica al usuario, sesi\u00f3n o sitio web para personalizar la publicidad.<\/td><td>720 d\u00edas<\/td><\/tr><tr><td>IDE<\/td><td>Google<\/td><td>Identifica al usuario, sesi\u00f3n o sitio web para personalizar la publicidad.<\/td><td>365 d\u00edas<\/td><\/tr><tr><td>NID<\/td><td>Google<\/td><td>Identifica al usuario, sesi\u00f3n o sitio web para personalizar la publicidad.<\/td><td>67 d\u00edas<\/td><\/tr><tr><td>OGPC<\/td><td>Google<\/td><td>Permite medir el rendimiento de la publicidad. Recopila informaci\u00f3n sobre el uso del sitio web.<\/td><td>365 d\u00edas<\/td><\/tr><tr><td>OTZ<\/td><td>Google<\/td><td>Permite medir el rendimiento de la publicidad. Recopila informaci\u00f3n sobre el uso del sitio web.<\/td><td>365 d\u00edas<\/td><\/tr><tr><td>SAPISID<\/td><td>Google<\/td><td>Identifica al usuario, sesi\u00f3n o sitio web para personalizar la publicidad.<\/td><td>720 d\u00edas<\/td><\/tr><tr><td>SID<\/td><td>Google<\/td><td>Permite medir el rendimiento de la publicidad. Recopila informaci\u00f3n sobre el uso del sitio web.<\/td><td>720 d\u00edas<\/td><\/tr><tr><td>SSID<\/td><td>Google<\/td><td>Identifica al usuario, sesi\u00f3n o sitio web para personalizar la publicidad.<\/td><td>720 d\u00edas<\/td><\/tr><tr><td>__Secure-3PAPISID<\/td><td>Google<\/td><td>Identifica al usuario, sesi\u00f3n o sitio web para personalizar la publicidad.<\/td><td>720 d\u00edas<\/td><\/tr><tr><td>__Secure-3PSID<\/td><td>Google<\/td><td>Identifica al usuario, sesi\u00f3n o sitio web para personalizar la publicidad.<\/td><td>720 d\u00edas<\/td><\/tr><tr><td>__Secure-APISID<\/td><td>Google<\/td><td>Identifica al usuario, sesi\u00f3n o sitio web para personalizar la publicidad.<\/td><td>720 d\u00edas<\/td><\/tr><tr><td>__Secure-HSID<\/td><td>Google<\/td><td>Identifica al usuario, sesi\u00f3n o sitio web para personalizar la publicidad.<\/td><td>720 d\u00edas<\/td><\/tr><tr><td>__Secure-SSID<\/td><td>Google<\/td><td>Identifica al usuario, sesi\u00f3n o sitio web para personalizar la publicidad.<\/td><td>720 d\u00edas<\/td><\/tr><\/tbody><\/table><\/figure>\n\n\n\n<p>Puedes obtener m\u00e1s informaci\u00f3n sobre las cookies de terceros en:<\/p>\n\n\n\n<p>Facebook:&nbsp;<a target=\"_blank\" href=\"https:\/\/www.facebook.com\/about\/privacy\/cookies\" rel=\"noreferrer noopener\">https:\/\/www.facebook.com\/about\/privacy\/cookies<\/a><\/p>\n\n\n\n<p>Twitter:&nbsp;<a target=\"_blank\" href=\"https:\/\/twitter.com\/privacy\" rel=\"noreferrer noopener\">https:\/\/twitter.com\/privacy<\/a><\/p>\n\n\n\n<p>Google Plus\/YouTube:&nbsp;<a target=\"_blank\" href=\"http:\/\/www.google.es\/intl\/es\/policies\/technologies\/types\" rel=\"noreferrer noopener\">http:\/\/www.google.es\/intl\/es\/policies\/technologies\/types<\/a><\/p>\n\n\n\n<p>Las cookies que utiliza este sitio web son an\u00f3nimas y no proporcionan referencias que permitan deducir datos personales del usuario. Las \u00fanicas cookies no an\u00f3nimas, es decir, que permiten la identificaci\u00f3n del usuario, son aquellas que el usuario voluntariamente activa, y en consecuencia autoriza su instalaci\u00f3n, al seleccionar \u00bb Recordarme durante 15 d\u00edas\u201d al acceder al \u201c\u00c1rea Cliente\u201d del sitio web. Estas cookies almacenan el nombre de usuario en su equipo terminal, as\u00ed como un hash del nombre del usuario y la contrase\u00f1a, durante quince d\u00edas, con la exclusiva finalidad de facilitar el acceso a las \u00e1reas restringidas al usuario sin necesidad de introducir manualmente las claves de acceso cada vez. Para conocer nuestra pol\u00edtica de protecci\u00f3n de datos de car\u00e1cter personal consulta nuestra Pol\u00edtica de Privacidad.<\/p>\n\n\n\n<h4 class=\"wp-block-heading\">Gesti\u00f3n de Cookies<\/h4>\n\n\n\n<p>La instalaci\u00f3n de las cookies se producir\u00e1 tras obtener el consentimiento de los usuarios. Consideramos que hemos obtenido dicho consentimiento si el usuario navega por nuestro sitio web, o si realiza determinadas acciones que implican la autorizaci\u00f3n expresa de la instalaci\u00f3n de las cookies (p.ej. al seleccionar \u201cRecordarme durante 15 d\u00edas\u201d o al registrarse como usuario del este sitio web).<\/p>\n\n\n\n<p>Si el usuario desea revocar el consentimiento prestado deber\u00e1 eliminar las cookies instaladas y, en su caso, modificar sus preferencias sobre la aceptaci\u00f3n de cookies a trav\u00e9s de las opciones de su navegador. Para evitar que se instalen en el futuro deber\u00e1 activar las opciones de Navegaci\u00f3n Privada o \u201cDo-Not-Track\u201d previstas en su navegador, es decir, bloquear o desactivar la instalaci\u00f3n de cookies.<\/p>\n\n\n\n<p>Para permitir, bloquear o eliminar las cookies instaladas en tu equipo o dispositivo mediante la configuraci\u00f3n de las opciones del navegador instalado en el mismo, debes seguir las instrucciones proporcionadas por el propio navegador. A continuaci\u00f3n te proporcionamos los enlaces para configurar las cookies de los navegadores m\u00e1s populares:<\/p>\n\n\n\n<p>Internet Explorer:&nbsp;<a target=\"_blank\" href=\"http:\/\/windows.microsoft.com\/es-xl\/internet-explorer\/delete-manage-cookies#ie=ie-10\" rel=\"noreferrer noopener\">Eliminar y administrar cookies<\/a><\/p>\n\n\n\n<p>Mozilla Firefox:&nbsp;<a target=\"_blank\" href=\"https:\/\/support.mozilla.org\/es\/kb\/impedir-que-los-sitios-web-guarden-sus-preferencia\" rel=\"noreferrer noopener\">Borrar Cookies; Impedir que los sitios web guarden sus preferencias o estados de sesi\u00f3n en Firefox<\/a><\/p>\n\n\n\n<p>Google Chrome:&nbsp;<a target=\"_blank\" href=\"https:\/\/support.google.com\/chrome\/answer\/95647?hl=es\" rel=\"noreferrer noopener\">C\u00f3mo administrar cookies y datos de sitios<\/a><\/p>\n\n\n\n<p>Opera:&nbsp;<a target=\"_blank\" href=\"https:\/\/help.opera.com\/en\/latest\/web-preferences\/#cookies\" rel=\"noreferrer noopener\">Cookies<\/a><\/p>\n\n\n\n<p>Safari:&nbsp;<a target=\"_blank\" href=\"http:\/\/support.apple.com\/kb\/HT1677?viewlocale=es_ES&amp;locale=es_ES\" rel=\"noreferrer noopener\">Ajustes web de Safari<\/a><\/p>\n\n\n\n<p>Si utilizas cualquier otro navegador, o los enlaces proporcionados no contienen la informaci\u00f3n que deseas, puedes localizar c\u00f3mo gestionar las cookies que se instalan en tu equipo accediendo al men\u00fa \u201cOpciones\u201d o \u201cConfiguraci\u00f3n\u201d \u2013o equivalente- del navegador, o bien consultando la secci\u00f3n de \u201cAyuda\u201d o \u201cSoporte\u201d del propio navegador.<\/p>\n\n\n\n<p>Hay navegadores que permiten configurar reglas espec\u00edficas \u2013excepciones- para administrar las cookies por sitio web, de forma que pueden inhabilitarse las cookies de todos los sitios salvo de aquellos en los que se conf\u00ede.<\/p>\n\n\n\n<p>En caso de bloquear o desactivar el uso de &#8216;cookies&#8217; en tu navegador es posible que algunos servicios o funcionalidades de la p\u00e1gina web no est\u00e9n disponibles.<\/p>\n\n\n\n<p>Recuerda que debes configurar tus preferencias en todos los dispositivos que utilices para navegar por internet.<\/p>\n","protected":false},"excerpt":{"rendered":"<p>La presente Pol\u00edtica de Cookies pretende proporcionar la informaci\u00f3n necesaria para que cualquier usuario del sitio web pueda decidir si desea permitir la instalaci\u00f3n de las cookies utilizadas por este sitio web y c\u00f3mo gestionarlas. Por ello, proporcionamos una serie de nociones b\u00e1sicas cuyo conocimiento consideramos esencial (qu\u00e9 son las cookies y para qu\u00e9 pueden &hellip; <a href=\"https:\/\/icadpruebas.inescopsolutions.com\/es\/politica-de-cookies\/\">Continued<\/a><\/p>\n","protected":false},"author":12,"featured_media":0,"parent":0,"menu_order":0,"comment_status":"closed","ping_status":"closed","template":"template-default.blade.php","meta":{"_acf_changed":false,"inline_featured_image":false,"footnotes":""},"class_list":["post-218","page","type-page","status-publish","hentry"],"acf":[],"yoast_head":"<!-- This site is optimized with the Yoast SEO plugin v26.6 - https:\/\/yoast.com\/wordpress\/plugins\/seo\/ -->\n<title>Pol\u00edtica de Cookies de ICAD<\/title>\n<meta name=\"description\" content=\"Pol\u00edtica de cookies de ICAD, l\u00edder en software 3D para modelaje y patronaje de calzado.\" \/>\n<meta name=\"robots\" content=\"index, follow, max-snippet:-1, max-image-preview:large, max-video-preview:-1\" \/>\n<link rel=\"canonical\" href=\"https:\/\/icadpruebas.inescopsolutions.com\/es\/politica-de-cookies\/\" \/>\n<meta property=\"og:locale\" content=\"es_ES\" \/>\n<meta property=\"og:type\" content=\"article\" \/>\n<meta property=\"og:title\" content=\"Pol\u00edtica de Cookies de ICAD\" \/>\n<meta property=\"og:description\" content=\"Pol\u00edtica de cookies de ICAD, l\u00edder en software 3D para modelaje y patronaje de calzado.\" \/>\n<meta property=\"og:url\" content=\"https:\/\/icadpruebas.inescopsolutions.com\/es\/politica-de-cookies\/\" \/>\n<meta property=\"og:site_name\" content=\"Icad\" \/>\n<meta property=\"article:modified_time\" content=\"2024-11-13T22:16:25+00:00\" \/>\n<meta name=\"twitter:card\" content=\"summary_large_image\" \/>\n<meta name=\"twitter:label1\" content=\"Tiempo de lectura\" \/>\n\t<meta name=\"twitter:data1\" content=\"7 minutos\" \/>\n<!-- \/ Yoast SEO plugin. -->","yoast_head_json":{"title":"Pol\u00edtica de Cookies de ICAD","description":"Pol\u00edtica de cookies de ICAD, l\u00edder en software 3D para modelaje y patronaje de calzado.","robots":{"index":"index","follow":"follow","max-snippet":"max-snippet:-1","max-image-preview":"max-image-preview:large","max-video-preview":"max-video-preview:-1"},"canonical":"https:\/\/icadpruebas.inescopsolutions.com\/es\/politica-de-cookies\/","og_locale":"es_ES","og_type":"article","og_title":"Pol\u00edtica de Cookies de ICAD","og_description":"Pol\u00edtica de cookies de ICAD, l\u00edder en software 3D para modelaje y patronaje de calzado.","og_url":"https:\/\/icadpruebas.inescopsolutions.com\/es\/politica-de-cookies\/","og_site_name":"Icad","article_modified_time":"2024-11-13T22:16:25+00:00","twitter_card":"summary_large_image","twitter_misc":{"Tiempo de lectura":"7 minutos"},"schema":{"@context":"https:\/\/schema.org","@graph":[{"@type":"WebPage","@id":"https:\/\/icadpruebas.inescopsolutions.com\/es\/politica-de-cookies\/","url":"https:\/\/icadpruebas.inescopsolutions.com\/es\/politica-de-cookies\/","name":"Pol\u00edtica de Cookies de ICAD","isPartOf":{"@id":"https:\/\/icadpruebas.inescopsolutions.com\/es\/#website"},"datePublished":"2024-09-05T08:58:39+00:00","dateModified":"2024-11-13T22:16:25+00:00","description":"Pol\u00edtica de cookies de ICAD, l\u00edder en software 3D para modelaje y patronaje de calzado.","breadcrumb":{"@id":"https:\/\/icadpruebas.inescopsolutions.com\/es\/politica-de-cookies\/#breadcrumb"},"inLanguage":"es","potentialAction":[{"@type":"ReadAction","target":["https:\/\/icadpruebas.inescopsolutions.com\/es\/politica-de-cookies\/"]}]},{"@type":"BreadcrumbList","@id":"https:\/\/icadpruebas.inescopsolutions.com\/es\/politica-de-cookies\/#breadcrumb","itemListElement":[{"@type":"ListItem","position":1,"name":"Portada","item":"https:\/\/icadpruebas.inescopsolutions.com\/es\/"},{"@type":"ListItem","position":2,"name":"Pol\u00edtica de cookies"}]},{"@type":"WebSite","@id":"https:\/\/icadpruebas.inescopsolutions.com\/es\/#website","url":"https:\/\/icadpruebas.inescopsolutions.com\/es\/","name":"ICad, CAD\/CAM systems for footwear - INESCOP Solutions","description":"Discover Icad, a leader in 3D software for footwear modeling and pattern engineering. Innovative, user-friendly, and professional solutions for your business.","publisher":{"@id":"https:\/\/icadpruebas.inescopsolutions.com\/es\/#organization"},"potentialAction":[{"@type":"SearchAction","target":{"@type":"EntryPoint","urlTemplate":"https:\/\/icadpruebas.inescopsolutions.com\/es\/?s={search_term_string}"},"query-input":{"@type":"PropertyValueSpecification","valueRequired":true,"valueName":"search_term_string"}}],"inLanguage":"es"},{"@type":"Organization","@id":"https:\/\/icadpruebas.inescopsolutions.com\/es\/#organization","name":"ICAD","url":"https:\/\/icadpruebas.inescopsolutions.com\/es\/","logo":{"@type":"ImageObject","inLanguage":"es","@id":"https:\/\/icadpruebas.inescopsolutions.com\/es\/#\/schema\/logo\/image\/","url":"https:\/\/icadpruebas.inescopsolutions.com\/wp-content\/uploads\/2024\/07\/favicon.svg","contentUrl":"https:\/\/icadpruebas.inescopsolutions.com\/wp-content\/uploads\/2024\/07\/favicon.svg","width":50,"height":50,"caption":"ICAD"},"image":{"@id":"https:\/\/icadpruebas.inescopsolutions.com\/es\/#\/schema\/logo\/image\/"}}]}},"_links":{"self":[{"href":"https:\/\/icadpruebas.inescopsolutions.com\/es\/wp-json\/wp\/v2\/pages\/218","targetHints":{"allow":["GET"]}}],"collection":[{"href":"https:\/\/icadpruebas.inescopsolutions.com\/es\/wp-json\/wp\/v2\/pages"}],"about":[{"href":"https:\/\/icadpruebas.inescopsolutions.com\/es\/wp-json\/wp\/v2\/types\/page"}],"author":[{"embeddable":true,"href":"https:\/\/icadpruebas.inescopsolutions.com\/es\/wp-json\/wp\/v2\/users\/12"}],"replies":[{"embeddable":true,"href":"https:\/\/icadpruebas.inescopsolutions.com\/es\/wp-json\/wp\/v2\/comments?post=218"}],"version-history":[{"count":0,"href":"https:\/\/icadpruebas.inescopsolutions.com\/es\/wp-json\/wp\/v2\/pages\/218\/revisions"}],"wp:attachment":[{"href":"https:\/\/icadpruebas.inescopsolutions.com\/es\/wp-json\/wp\/v2\/media?parent=218"}],"curies":[{"name":"wp","href":"https:\/\/api.w.org\/{rel}","templated":true}]}}