{"id":222,"date":"2024-09-05T11:04:14","date_gmt":"2024-09-05T09:04:14","guid":{"rendered":"https:\/\/icadpruebas.inescopsolutions.com\/aviso-legal\/"},"modified":"2025-10-14T12:13:24","modified_gmt":"2025-10-14T10:13:24","slug":"aviso-legal","status":"publish","type":"page","link":"https:\/\/icadpruebas.inescopsolutions.com\/es\/aviso-legal\/","title":{"rendered":"Aviso legal"},"content":{"rendered":"\n<h4 class=\"wp-block-heading\">Condiciones generales de uso del sitio web de Icad<\/h4>\n\n\n\n<p>INESCOP, con domicilio en C\/ Alemania 102 \u2013 Pol\u00edgono Campo Alto \u2013 03600 Elda (Alicante) con CIF G03057155 pone a disposici\u00f3n en su sitio web icadpruebas.inescopsolutions.com determinados contenidos de car\u00e1cter informativo sobre sus actividades.<\/p>\n\n\n\n<p>Las presentes condiciones generales rigen \u00fanica y exclusivamente el uso del sitio web de ICad INESCOP Solutions, por parte de los USUARIOS que accedan al mismo. Las presentes condiciones generales se le exponen al USUARIO en el sitio web icadpruebas.inescopsolutions.com en todas y cada una de las p\u00e1ginas y cada vez que un USUARIO introduce sus datos en los formularios existentes, para que las lea, las imprima, archive y acepte a trav\u00e9s de internet, no pudiendo el USUARIO introducir sus datos efectivamente sin que se haya producido esta aceptaci\u00f3n.<\/p>\n\n\n\n<p>El acceso al sitio web de Icad, implica sin reservas la aceptaci\u00f3n de las presentes condiciones generales de uso que el USUARIO afirma comprender en su totalidad. El USUARIO se compromete a no utilizar el sitio web y los servicios que se ofrecen en el mismo para la realizaci\u00f3n de actividades contrarias a la ley y a respetar en todo momento las presentes condiciones generales.<\/p>\n\n\n\n<h4 class=\"wp-block-heading\">Primera.- Condiciones de acceso y uso<\/h4>\n\n\n\n<p>1.1.-La utilizaci\u00f3n del sitio web de Icad, no conlleva la obligatoriedad de inscripci\u00f3n del USUARIO, salvo si este USUARIO desee utilizar la base de datos de art\u00edculos existentes en icadpruebas.inescopsolutions.com donde ser\u00e1 preciso que se registre cubriendo un formulario b\u00e1sico, \u00e9sta suscripci\u00f3n se regir\u00e1 por las condiciones generales espec\u00edficas. Las condiciones de acceso y uso del presente sitio web se rigen estrictamente por la legalidad vigente y por el principio de buena fe comprometi\u00e9ndose el USUARIO a realizar un buen uso de la web. Quedan prohibidos todos los actos que vulneren la legalidad, derechos o intereses de terceros: derecho a la intimidad, protecci\u00f3n de datos, propiedad intelectual etc. Expresamente Icad, proh\u00edbe los siguientes:<\/p>\n\n\n\n<p>1.1.1.- Realizar acciones que puedan producir en el sitio web o a trav\u00e9s del mismo por cualquier medio cualquier tipo de da\u00f1o a los sistemas de Icad, o a terceros.<\/p>\n\n\n\n<p>1.1.2.- Realizar sin la debida autorizaci\u00f3n cualquier tipo de publicidad o informaci\u00f3n comercial directamente o de forma encubierta, el env\u00edo de correos masivos (\u00abspaming\u00bb) o env\u00edo de grandes mensajes con el fin de bloquear servidores de la red (\u00abmail bombing\u00bb).<\/p>\n\n\n\n<p>1.2.- Icad, podr\u00e1 interrumpir en cualquier momento el acceso a su sitio web si detecta un uso contrario a la legalidad, la buena fe o a las presentes condiciones generales- ver cl\u00e1usula quinta.<\/p>\n\n\n\n<h4 class=\"wp-block-heading\">Segunda.- Contenidos<\/h4>\n\n\n\n<p>Los contenidos incorporados en este sitio web han sido elaborados e incluidos por:<\/p>\n\n\n\n<p>2.1.- Icad, utilizando fuentes internas y externas de tal modo que Icad, \u00fanicamente se hace responsable por los contenidos elaborados de forma interna.<\/p>\n\n\n\n<p>2.2.- Icad, se reserva el derecho a modificar en cualquier momento los contenidos existentes en su sitio web.<\/p>\n\n\n\n<h4 class=\"wp-block-heading\">Tercera.- Derechos de autor y marca<\/h4>\n\n\n\n<p>Icad, informa que el sitio web icadpruebas.inescopsolutions.com los contenidos propios, la programaci\u00f3n y el dise\u00f1o del sitio web se encuentra plenamente protegido por los derechos de autor, quedando expresamente prohibida toda reproducci\u00f3n, comunicaci\u00f3n, distribuci\u00f3n y transformaci\u00f3n de los referidos elementos protegidos salvo consentimiento expreso de Icad. Icad, utiliza fuentes externas para la elaboraci\u00f3n de sus contenidos en determinadas ocasiones y tambi\u00e9n establece links o hiperenlaces a art\u00edculos o informaciones de terceros citando siempre la fuente. El leg\u00edtimo titular de los derechos de autor de estas informaciones as\u00ed incluidas podr\u00e1 solicitar en cualquier momento la eliminaci\u00f3n de las referidas referencias.<\/p>\n\n\n\n<h4 class=\"wp-block-heading\">Cuarta.- Jurisdicci\u00f3n y ley aplicable<\/h4>\n\n\n\n<p>Las presentes condiciones generales se rigen por la legislaci\u00f3n espa\u00f1ola. Son competentes para resolver toda controversia o conflicto que se derive de las presentes condiciones generales los Juzgados de Elda renunciando expresamente el USUARIO a cualquier otro fuero que pudiera corresponderle.<\/p>\n\n\n\n<h4 class=\"wp-block-heading\">Quinta.-<\/h4>\n\n\n\n<p>En caso de que cualquier cl\u00e1usula del presente documento sea declarada nula, las dem\u00e1s cl\u00e1usulas seguir\u00e1n vigentes y se interpretar\u00e1n teniendo en cuenta la voluntad de las partes y la finalidad misma de las presentes condiciones. Icad, podr\u00e1 no ejercitar alguno de los derechos y facultades conferidos en este documento lo que no implicar\u00e1 en ning\u00fan caso la renuncia a los mismos salvo reconocimiento expreso por parte de Icad.<\/p>\n","protected":false},"excerpt":{"rendered":"<p>Condiciones generales de uso del sitio web de Icad INESCOP, con domicilio en C\/ Alemania 102 \u2013 Pol\u00edgono Campo Alto \u2013 03600 Elda (Alicante) con CIF G03057155 pone a disposici\u00f3n en su sitio web icadpruebas.inescopsolutions.com determinados contenidos de car\u00e1cter informativo sobre sus actividades. Las presentes condiciones generales rigen \u00fanica y exclusivamente el uso del sitio &hellip; <a href=\"https:\/\/icadpruebas.inescopsolutions.com\/es\/aviso-legal\/\">Continued<\/a><\/p>\n","protected":false},"author":12,"featured_media":0,"parent":0,"menu_order":0,"comment_status":"closed","ping_status":"closed","template":"template-default.blade.php","meta":{"_acf_changed":false,"inline_featured_image":false,"footnotes":""},"class_list":["post-222","page","type-page","status-publish","hentry"],"acf":[],"yoast_head":"<!-- This site is optimized with the Yoast SEO plugin v26.6 - https:\/\/yoast.com\/wordpress\/plugins\/seo\/ -->\n<title>Aviso Legal de ICAD<\/title>\n<meta name=\"description\" content=\"Aviso legal de ICAD, l\u00edder en software 3D para modelaje y patronaje de calzado.\" \/>\n<meta name=\"robots\" content=\"index, follow, max-snippet:-1, max-image-preview:large, max-video-preview:-1\" \/>\n<link rel=\"canonical\" href=\"https:\/\/icadpruebas.inescopsolutions.com\/es\/aviso-legal\/\" \/>\n<meta property=\"og:locale\" content=\"es_ES\" \/>\n<meta property=\"og:type\" content=\"article\" \/>\n<meta property=\"og:title\" content=\"Aviso Legal de ICAD\" \/>\n<meta property=\"og:description\" content=\"Aviso legal de ICAD, l\u00edder en software 3D para modelaje y patronaje de calzado.\" \/>\n<meta property=\"og:url\" content=\"https:\/\/icadpruebas.inescopsolutions.com\/es\/aviso-legal\/\" \/>\n<meta property=\"og:site_name\" content=\"Icad\" \/>\n<meta property=\"article:modified_time\" content=\"2025-10-14T10:13:24+00:00\" \/>\n<meta name=\"twitter:card\" content=\"summary_large_image\" \/>\n<meta name=\"twitter:label1\" content=\"Tiempo de lectura\" \/>\n\t<meta name=\"twitter:data1\" content=\"4 minutos\" \/>\n<!-- \/ Yoast SEO plugin. -->","yoast_head_json":{"title":"Aviso Legal de ICAD","description":"Aviso legal de ICAD, l\u00edder en software 3D para modelaje y patronaje de calzado.","robots":{"index":"index","follow":"follow","max-snippet":"max-snippet:-1","max-image-preview":"max-image-preview:large","max-video-preview":"max-video-preview:-1"},"canonical":"https:\/\/icadpruebas.inescopsolutions.com\/es\/aviso-legal\/","og_locale":"es_ES","og_type":"article","og_title":"Aviso Legal de ICAD","og_description":"Aviso legal de ICAD, l\u00edder en software 3D para modelaje y patronaje de calzado.","og_url":"https:\/\/icadpruebas.inescopsolutions.com\/es\/aviso-legal\/","og_site_name":"Icad","article_modified_time":"2025-10-14T10:13:24+00:00","twitter_card":"summary_large_image","twitter_misc":{"Tiempo de lectura":"4 minutos"},"schema":{"@context":"https:\/\/schema.org","@graph":[{"@type":"WebPage","@id":"https:\/\/icadpruebas.inescopsolutions.com\/es\/aviso-legal\/","url":"https:\/\/icadpruebas.inescopsolutions.com\/es\/aviso-legal\/","name":"Aviso Legal de ICAD","isPartOf":{"@id":"https:\/\/icadpruebas.inescopsolutions.com\/es\/#website"},"datePublished":"2024-09-05T09:04:14+00:00","dateModified":"2025-10-14T10:13:24+00:00","description":"Aviso legal de ICAD, l\u00edder en software 3D para modelaje y patronaje de calzado.","breadcrumb":{"@id":"https:\/\/icadpruebas.inescopsolutions.com\/es\/aviso-legal\/#breadcrumb"},"inLanguage":"es","potentialAction":[{"@type":"ReadAction","target":["https:\/\/icadpruebas.inescopsolutions.com\/es\/aviso-legal\/"]}]},{"@type":"BreadcrumbList","@id":"https:\/\/icadpruebas.inescopsolutions.com\/es\/aviso-legal\/#breadcrumb","itemListElement":[{"@type":"ListItem","position":1,"name":"Portada","item":"https:\/\/icadpruebas.inescopsolutions.com\/es\/"},{"@type":"ListItem","position":2,"name":"Aviso legal"}]},{"@type":"WebSite","@id":"https:\/\/icadpruebas.inescopsolutions.com\/es\/#website","url":"https:\/\/icadpruebas.inescopsolutions.com\/es\/","name":"ICad, CAD\/CAM systems for footwear - INESCOP Solutions","description":"Discover Icad, a leader in 3D software for footwear modeling and pattern engineering. Innovative, user-friendly, and professional solutions for your business.","publisher":{"@id":"https:\/\/icadpruebas.inescopsolutions.com\/es\/#organization"},"potentialAction":[{"@type":"SearchAction","target":{"@type":"EntryPoint","urlTemplate":"https:\/\/icadpruebas.inescopsolutions.com\/es\/?s={search_term_string}"},"query-input":{"@type":"PropertyValueSpecification","valueRequired":true,"valueName":"search_term_string"}}],"inLanguage":"es"},{"@type":"Organization","@id":"https:\/\/icadpruebas.inescopsolutions.com\/es\/#organization","name":"ICAD","url":"https:\/\/icadpruebas.inescopsolutions.com\/es\/","logo":{"@type":"ImageObject","inLanguage":"es","@id":"https:\/\/icadpruebas.inescopsolutions.com\/es\/#\/schema\/logo\/image\/","url":"https:\/\/icadpruebas.inescopsolutions.com\/wp-content\/uploads\/2024\/07\/favicon.svg","contentUrl":"https:\/\/icadpruebas.inescopsolutions.com\/wp-content\/uploads\/2024\/07\/favicon.svg","width":50,"height":50,"caption":"ICAD"},"image":{"@id":"https:\/\/icadpruebas.inescopsolutions.com\/es\/#\/schema\/logo\/image\/"}}]}},"_links":{"self":[{"href":"https:\/\/icadpruebas.inescopsolutions.com\/es\/wp-json\/wp\/v2\/pages\/222","targetHints":{"allow":["GET"]}}],"collection":[{"href":"https:\/\/icadpruebas.inescopsolutions.com\/es\/wp-json\/wp\/v2\/pages"}],"about":[{"href":"https:\/\/icadpruebas.inescopsolutions.com\/es\/wp-json\/wp\/v2\/types\/page"}],"author":[{"embeddable":true,"href":"https:\/\/icadpruebas.inescopsolutions.com\/es\/wp-json\/wp\/v2\/users\/12"}],"replies":[{"embeddable":true,"href":"https:\/\/icadpruebas.inescopsolutions.com\/es\/wp-json\/wp\/v2\/comments?post=222"}],"version-history":[{"count":0,"href":"https:\/\/icadpruebas.inescopsolutions.com\/es\/wp-json\/wp\/v2\/pages\/222\/revisions"}],"wp:attachment":[{"href":"https:\/\/icadpruebas.inescopsolutions.com\/es\/wp-json\/wp\/v2\/media?parent=222"}],"curies":[{"name":"wp","href":"https:\/\/api.w.org\/{rel}","templated":true}]}}