{"id":226,"date":"2024-09-05T11:07:59","date_gmt":"2024-09-05T09:07:59","guid":{"rendered":"https:\/\/icadpruebas.inescopsolutions.com\/politica-de-privacidad\/"},"modified":"2025-10-14T12:19:18","modified_gmt":"2025-10-14T10:19:18","slug":"politica-privacidad","status":"publish","type":"page","link":"https:\/\/icadpruebas.inescopsolutions.com\/es\/politica-privacidad\/","title":{"rendered":"Pol\u00edtica de privacidad"},"content":{"rendered":"\n<p>De conformidad con lo establecido en la normativa vigente en Protecci\u00f3n de Datos de Car\u00e1cter Personal, le informamos que sus datos ser\u00e1n incorporados al sistema de tratamiento de titularidad de INESCOP, con domicilio en C\/ Alemania 102 \u2013 Pol\u00edgono Campo Alto \u2013 03600 Elda (Alicante) con CIF G03057155 con la finalidad de atender sus consultas y remitirle informaci\u00f3n relacionada que pueda ser de su inter\u00e9s. En cumplimiento con la normativa vigente, Icad informa que los datos ser\u00e1n conservados durante el plazo estrictamente necesario para cumplir con los preceptos mencionados con anterioridad.<\/p>\n\n\n\n<p>Mientras no nos comunique lo contrario, entenderemos que sus datos no han sido modificados, que usted se compromete a notificarnos cualquier variaci\u00f3n y que tenemos su consentimiento para utilizarlos para las finalidades mencionadas.<\/p>\n\n\n\n<p>Icad informa que proceder\u00e1 a tratar los datos de manera l\u00edcita, leal transparente, adecuada, pertinente, limitada, exacta y actualizada. Es por ello que Icad se compromete a adoptar todas las medidas razonables para que estos se supriman o rectifiquen sin dilaci\u00f3n cuando sean inexactos.<\/p>\n\n\n\n<p>De acuerdo con los derechos que le confiere el la normativa vigente en protecci\u00f3n de datos podr\u00e1 ejercer los derechos de acceso, rectificaci\u00f3n limitaci\u00f3n de tratamiento, supresi\u00f3n, portabilidad y oposici\u00f3n al tratamiento de sus datos de car\u00e1cter personal as\u00ed como del consentimiento prestado para el tratamiento de los mismo, dirigiendo su petici\u00f3n a la direcci\u00f3n postal indicada m\u00e1s arriba o al correo electr\u00f3nico&nbsp;<a href=\"mailto:icad@inescopsolutions.com\">icad@inescopsolutions.com<\/a><\/p>\n\n\n\n<p>A su vez, le informamos que puede contactar con el Delegado de Protecci\u00f3n de Datos de Icad, dirigi\u00e9ndose por escrito a la direcci\u00f3n de correo\u00a0<a href=\"mailto:icad@inescopsolutions.com\">icad@inescopsolutions.com<\/a>\u00a0o al tel\u00e9fono +34 965 395 213.<\/p>\n\n\n\n<p>Podr\u00e1 dirigirse a la Autoridad de Control competente para presentar la reclamaci\u00f3n que considere oportuna.<\/p>\n\n\n\n<p>Con env\u00edo del formulario de recogida de datos usted acepta la pol\u00edtica de privacidad de Icad.<\/p>\n","protected":false},"excerpt":{"rendered":"<p>De conformidad con lo establecido en la normativa vigente en Protecci\u00f3n de Datos de Car\u00e1cter Personal, le informamos que sus datos ser\u00e1n incorporados al sistema de tratamiento de titularidad de INESCOP, con domicilio en C\/ Alemania 102 \u2013 Pol\u00edgono Campo Alto \u2013 03600 Elda (Alicante) con CIF G03057155 con la finalidad de atender sus consultas &hellip; <a href=\"https:\/\/icadpruebas.inescopsolutions.com\/es\/politica-privacidad\/\">Continued<\/a><\/p>\n","protected":false},"author":12,"featured_media":0,"parent":0,"menu_order":0,"comment_status":"closed","ping_status":"closed","template":"template-default.blade.php","meta":{"_acf_changed":false,"inline_featured_image":false,"footnotes":""},"class_list":["post-226","page","type-page","status-publish","hentry"],"acf":[],"yoast_head":"<!-- This site is optimized with the Yoast SEO plugin v26.6 - https:\/\/yoast.com\/wordpress\/plugins\/seo\/ -->\n<title>Pol\u00edtica de Privacidad de ICAD<\/title>\n<meta name=\"description\" content=\"Pol\u00edtica de cookies de ICAD, l\u00edder en software 3D para modelaje y patronaje de calzado.\" \/>\n<meta name=\"robots\" content=\"index, follow, max-snippet:-1, max-image-preview:large, max-video-preview:-1\" \/>\n<link rel=\"canonical\" href=\"https:\/\/icadpruebas.inescopsolutions.com\/es\/politica-privacidad\/\" \/>\n<meta property=\"og:locale\" content=\"es_ES\" \/>\n<meta property=\"og:type\" content=\"article\" \/>\n<meta property=\"og:title\" content=\"Pol\u00edtica de Privacidad de ICAD\" \/>\n<meta property=\"og:description\" content=\"Pol\u00edtica de cookies de ICAD, l\u00edder en software 3D para modelaje y patronaje de calzado.\" \/>\n<meta property=\"og:url\" content=\"https:\/\/icadpruebas.inescopsolutions.com\/es\/politica-privacidad\/\" \/>\n<meta property=\"og:site_name\" content=\"Icad\" \/>\n<meta property=\"article:modified_time\" content=\"2025-10-14T10:19:18+00:00\" \/>\n<meta name=\"twitter:card\" content=\"summary_large_image\" \/>\n<meta name=\"twitter:label1\" content=\"Tiempo de lectura\" \/>\n\t<meta name=\"twitter:data1\" content=\"2 minutos\" \/>\n<!-- \/ Yoast SEO plugin. -->","yoast_head_json":{"title":"Pol\u00edtica de Privacidad de ICAD","description":"Pol\u00edtica de cookies de ICAD, l\u00edder en software 3D para modelaje y patronaje de calzado.","robots":{"index":"index","follow":"follow","max-snippet":"max-snippet:-1","max-image-preview":"max-image-preview:large","max-video-preview":"max-video-preview:-1"},"canonical":"https:\/\/icadpruebas.inescopsolutions.com\/es\/politica-privacidad\/","og_locale":"es_ES","og_type":"article","og_title":"Pol\u00edtica de Privacidad de ICAD","og_description":"Pol\u00edtica de cookies de ICAD, l\u00edder en software 3D para modelaje y patronaje de calzado.","og_url":"https:\/\/icadpruebas.inescopsolutions.com\/es\/politica-privacidad\/","og_site_name":"Icad","article_modified_time":"2025-10-14T10:19:18+00:00","twitter_card":"summary_large_image","twitter_misc":{"Tiempo de lectura":"2 minutos"},"schema":{"@context":"https:\/\/schema.org","@graph":[{"@type":"WebPage","@id":"https:\/\/icadpruebas.inescopsolutions.com\/es\/politica-privacidad\/","url":"https:\/\/icadpruebas.inescopsolutions.com\/es\/politica-privacidad\/","name":"Pol\u00edtica de Privacidad de ICAD","isPartOf":{"@id":"https:\/\/icadpruebas.inescopsolutions.com\/es\/#website"},"datePublished":"2024-09-05T09:07:59+00:00","dateModified":"2025-10-14T10:19:18+00:00","description":"Pol\u00edtica de cookies de ICAD, l\u00edder en software 3D para modelaje y patronaje de calzado.","breadcrumb":{"@id":"https:\/\/icadpruebas.inescopsolutions.com\/es\/politica-privacidad\/#breadcrumb"},"inLanguage":"es","potentialAction":[{"@type":"ReadAction","target":["https:\/\/icadpruebas.inescopsolutions.com\/es\/politica-privacidad\/"]}]},{"@type":"BreadcrumbList","@id":"https:\/\/icadpruebas.inescopsolutions.com\/es\/politica-privacidad\/#breadcrumb","itemListElement":[{"@type":"ListItem","position":1,"name":"Portada","item":"https:\/\/icadpruebas.inescopsolutions.com\/es\/"},{"@type":"ListItem","position":2,"name":"Pol\u00edtica de privacidad"}]},{"@type":"WebSite","@id":"https:\/\/icadpruebas.inescopsolutions.com\/es\/#website","url":"https:\/\/icadpruebas.inescopsolutions.com\/es\/","name":"ICad, CAD\/CAM systems for footwear - INESCOP Solutions","description":"Discover Icad, a leader in 3D software for footwear modeling and pattern engineering. Innovative, user-friendly, and professional solutions for your business.","publisher":{"@id":"https:\/\/icadpruebas.inescopsolutions.com\/es\/#organization"},"potentialAction":[{"@type":"SearchAction","target":{"@type":"EntryPoint","urlTemplate":"https:\/\/icadpruebas.inescopsolutions.com\/es\/?s={search_term_string}"},"query-input":{"@type":"PropertyValueSpecification","valueRequired":true,"valueName":"search_term_string"}}],"inLanguage":"es"},{"@type":"Organization","@id":"https:\/\/icadpruebas.inescopsolutions.com\/es\/#organization","name":"ICAD","url":"https:\/\/icadpruebas.inescopsolutions.com\/es\/","logo":{"@type":"ImageObject","inLanguage":"es","@id":"https:\/\/icadpruebas.inescopsolutions.com\/es\/#\/schema\/logo\/image\/","url":"https:\/\/icadpruebas.inescopsolutions.com\/wp-content\/uploads\/2024\/07\/favicon.svg","contentUrl":"https:\/\/icadpruebas.inescopsolutions.com\/wp-content\/uploads\/2024\/07\/favicon.svg","width":50,"height":50,"caption":"ICAD"},"image":{"@id":"https:\/\/icadpruebas.inescopsolutions.com\/es\/#\/schema\/logo\/image\/"}}]}},"_links":{"self":[{"href":"https:\/\/icadpruebas.inescopsolutions.com\/es\/wp-json\/wp\/v2\/pages\/226","targetHints":{"allow":["GET"]}}],"collection":[{"href":"https:\/\/icadpruebas.inescopsolutions.com\/es\/wp-json\/wp\/v2\/pages"}],"about":[{"href":"https:\/\/icadpruebas.inescopsolutions.com\/es\/wp-json\/wp\/v2\/types\/page"}],"author":[{"embeddable":true,"href":"https:\/\/icadpruebas.inescopsolutions.com\/es\/wp-json\/wp\/v2\/users\/12"}],"replies":[{"embeddable":true,"href":"https:\/\/icadpruebas.inescopsolutions.com\/es\/wp-json\/wp\/v2\/comments?post=226"}],"version-history":[{"count":0,"href":"https:\/\/icadpruebas.inescopsolutions.com\/es\/wp-json\/wp\/v2\/pages\/226\/revisions"}],"wp:attachment":[{"href":"https:\/\/icadpruebas.inescopsolutions.com\/es\/wp-json\/wp\/v2\/media?parent=226"}],"curies":[{"name":"wp","href":"https:\/\/api.w.org\/{rel}","templated":true}]}}